{"id":1155,"date":"2022-09-23T20:59:34","date_gmt":"2022-09-23T18:59:34","guid":{"rendered":"https:\/\/brasilanda.com\/?post_type=product&#038;p=1155"},"modified":"2023-01-18T22:06:54","modified_gmt":"2023-01-18T21:06:54","slug":"1155","status":"publish","type":"product","link":"https:\/\/brasilanda.com\/en\/servicos\/1155\/","title":{"rendered":"Cosmaria beauty"},"content":{"rendered":"<p>Cosmaria Beauty is a complete beauty salon where we offer high standard products and services. We care for the quality of our services, safety and comfort of our customers. We have a diverse and qualified team in which each member is an expert in their own field.<\/p>\n<p>Atendimento em portugu\u00eas,ingl\u00eas, holand\u00eas e espanhol.<\/p>","protected":false},"excerpt":{"rendered":"<p>Cosmaria Beauty \u00e9 um sal\u00e3o de beleza completo onde oferecemos produtos e servi\u00e7os de alto padr\u00e3o. Zelamos pela qualidade em nossos atendimentos, seguran\u00e7a e conforto dos nossos clientes. Contamos com uma equipe diversa e qualificada em que cada membro \u00e9 especialista em sua pr\u00f3pria \u00e1rea. Atendimento em portugu\u00eas,ingl\u00eas, holand\u00eas e espanhol.<\/p>","protected":false},"featured_media":1426,"comment_status":"open","ping_status":"closed","template":"","meta":[],"product_brand":[],"product_cat":[86],"product_tag":[61,191,249,122,120,121,119,247,87,118,123,59,248],"class_list":{"0":"post-1155","1":"product","2":"type-product","3":"status-publish","4":"has-post-thumbnail","6":"product_cat-saude-e-bem-estar","7":"product_tag-almere","8":"product_tag-brasilanda","9":"product_tag-brsileiros-na-holanda","10":"product_tag-cabelereira","11":"product_tag-cabelereiro","12":"product_tag-cosmaria","13":"product_tag-estetica","14":"product_tag-holanda","15":"product_tag-lelystad","16":"product_tag-limpeza-de-pele","17":"product_tag-manicure-e-pedicure","18":"product_tag-nederland","19":"product_tag-skicare","21":"first","22":"instock","23":"shipping-taxable","24":"product-type-simple"},"aioseo_notices":[],"_links":{"self":[{"href":"https:\/\/brasilanda.com\/en\/wp-json\/wp\/v2\/product\/1155","targetHints":{"allow":["GET"]}}],"collection":[{"href":"https:\/\/brasilanda.com\/en\/wp-json\/wp\/v2\/product"}],"about":[{"href":"https:\/\/brasilanda.com\/en\/wp-json\/wp\/v2\/types\/product"}],"replies":[{"embeddable":true,"href":"https:\/\/brasilanda.com\/en\/wp-json\/wp\/v2\/comments?post=1155"}],"version-history":[{"count":7,"href":"https:\/\/brasilanda.com\/en\/wp-json\/wp\/v2\/product\/1155\/revisions"}],"predecessor-version":[{"id":1520,"href":"https:\/\/brasilanda.com\/en\/wp-json\/wp\/v2\/product\/1155\/revisions\/1520"}],"wp:featuredmedia":[{"embeddable":true,"href":"https:\/\/brasilanda.com\/en\/wp-json\/wp\/v2\/media\/1426"}],"wp:attachment":[{"href":"https:\/\/brasilanda.com\/en\/wp-json\/wp\/v2\/media?parent=1155"}],"wp:term":[{"taxonomy":"product_brand","embeddable":true,"href":"https:\/\/brasilanda.com\/en\/wp-json\/wp\/v2\/product_brand?post=1155"},{"taxonomy":"product_cat","embeddable":true,"href":"https:\/\/brasilanda.com\/en\/wp-json\/wp\/v2\/product_cat?post=1155"},{"taxonomy":"product_tag","embeddable":true,"href":"https:\/\/brasilanda.com\/en\/wp-json\/wp\/v2\/product_tag?post=1155"}],"curies":[{"name":"wp","href":"https:\/\/api.w.org\/{rel}","templated":true}]}}