{"id":1698,"date":"2022-11-30T20:53:12","date_gmt":"2022-11-30T19:53:12","guid":{"rendered":"https:\/\/brasilanda.com\/?post_type=product&#038;p=1698"},"modified":"2023-01-18T22:02:47","modified_gmt":"2023-01-18T21:02:47","slug":"aesthetics-and-well-being","status":"publish","type":"product","link":"https:\/\/brasilanda.com\/en\/servicos\/aesthetics-and-well-being\/","title":{"rendered":"Aesthetics and well-being"},"content":{"rendered":"<p>Aesthetics and well-being is a new company in the market, where I specialized in Brazil and the Netherlands. I've been working with a massage therapist for over 10 years and a year ago I specialized in male and female waxing and also in facial aesthetics.<\/p>\n<p>In addition to having personalized and exclusive treatments for each client, I also offer flexible hours that can be attended to on weekdays from 7 pm to 9 pm.<\/p>\n<p>Service in English, Dutch and Portuguese.<\/p>","protected":false},"excerpt":{"rendered":"<p>A Aesthetics and well-being \u00e9 uma empresa nova no mercado, onde eu fui especializada no Brasil e na Holanda. J\u00e1 tenho mais de 10 anos na massoterapeuta e a um ano me especializei em depila\u00e7\u00e3o feminina e masculina e tamb\u00e9m na est\u00e9tica facial. Al\u00e9m de ter tratamentos personalizados e exclusivos para cada cliente, eu tamb\u00e9m [&hellip;]<\/p>","protected":false},"featured_media":1699,"comment_status":"open","ping_status":"closed","template":"","meta":[],"product_brand":[],"product_cat":[86],"product_tag":[61,52,171,191,192,193,180,179,178,177,174,186,190,118,175,184,183,182,59,173,176,185,170,181,172,187,188,189],"class_list":{"0":"post-1698","1":"product","2":"type-product","3":"status-publish","4":"has-post-thumbnail","6":"product_cat-saude-e-bem-estar","7":"product_tag-almere","8":"product_tag-amsterdam","9":"product_tag-antiacne","10":"product_tag-brasilanda","11":"product_tag-brasileiros-na-holanda","12":"product_tag-brazilian-waxing","13":"product_tag-clareamento-das-virilhas","14":"product_tag-depilacao-com-cera","15":"product_tag-depilacao-femina","16":"product_tag-depilacao-masculina","17":"product_tag-detox-facial","18":"product_tag-drenagem-linfatica","19":"product_tag-flevoland","20":"product_tag-limpeza-de-pele","21":"product_tag-manchas-faciais","22":"product_tag-massagem-bambu-terapia","23":"product_tag-massagem-localizada","24":"product_tag-massagem-modeladora","25":"product_tag-nederland","26":"product_tag-peeling","27":"product_tag-recontrucao-das-sobrancelhas","28":"product_tag-redutora-de-medidas","29":"product_tag-skin-care","30":"product_tag-tratamento-de-estrias","31":"product_tag-ultrassom","32":"product_tag-waxem","33":"product_tag-waxen","34":"product_tag-waxing","36":"first","37":"instock","38":"shipping-taxable","39":"product-type-simple"},"aioseo_notices":[],"_links":{"self":[{"href":"https:\/\/brasilanda.com\/en\/wp-json\/wp\/v2\/product\/1698","targetHints":{"allow":["GET"]}}],"collection":[{"href":"https:\/\/brasilanda.com\/en\/wp-json\/wp\/v2\/product"}],"about":[{"href":"https:\/\/brasilanda.com\/en\/wp-json\/wp\/v2\/types\/product"}],"replies":[{"embeddable":true,"href":"https:\/\/brasilanda.com\/en\/wp-json\/wp\/v2\/comments?post=1698"}],"version-history":[{"count":1,"href":"https:\/\/brasilanda.com\/en\/wp-json\/wp\/v2\/product\/1698\/revisions"}],"predecessor-version":[{"id":1700,"href":"https:\/\/brasilanda.com\/en\/wp-json\/wp\/v2\/product\/1698\/revisions\/1700"}],"wp:featuredmedia":[{"embeddable":true,"href":"https:\/\/brasilanda.com\/en\/wp-json\/wp\/v2\/media\/1699"}],"wp:attachment":[{"href":"https:\/\/brasilanda.com\/en\/wp-json\/wp\/v2\/media?parent=1698"}],"wp:term":[{"taxonomy":"product_brand","embeddable":true,"href":"https:\/\/brasilanda.com\/en\/wp-json\/wp\/v2\/product_brand?post=1698"},{"taxonomy":"product_cat","embeddable":true,"href":"https:\/\/brasilanda.com\/en\/wp-json\/wp\/v2\/product_cat?post=1698"},{"taxonomy":"product_tag","embeddable":true,"href":"https:\/\/brasilanda.com\/en\/wp-json\/wp\/v2\/product_tag?post=1698"}],"curies":[{"name":"wp","href":"https:\/\/api.w.org\/{rel}","templated":true}]}}