{"id":1874,"date":"2023-02-17T20:57:26","date_gmt":"2023-02-17T19:57:26","guid":{"rendered":"https:\/\/brasilanda.com\/?post_type=product&#038;p=1874"},"modified":"2023-02-17T21:16:00","modified_gmt":"2023-02-17T20:16:00","slug":"o-boticario-e-tupperware","status":"publish","type":"product","link":"https:\/\/brasilanda.com\/en\/servicos\/o-boticario-e-tupperware\/","title":{"rendered":"O botic\u00e1rio e Tupperware"},"content":{"rendered":"<p>I sell products for the body, face and makeup in general, as well as an extensive line of perfumery in general.<\/p>\n<p>And also Tupperware, a sustainable plastic, guarantee, and still beautiful<\/p>\n<p>Service in Portuguese and Dutch.<\/p>","protected":false},"excerpt":{"rendered":"<p>Vendo produtos para corpo, rosto e maquiagem em geral ainda uma linha extensa de perfumaria em geral. E ainda a Tupperware, um pl\u00e1stico sustent\u00e1vel, de garantia, e ainda lindas Atendimento em Portugu\u00eas e holand\u00eas.<\/p>","protected":false},"featured_media":1875,"comment_status":"open","ping_status":"closed","template":"","meta":[],"product_brand":[],"product_cat":[31,32],"product_tag":[61,52,191,192,247,251,250,252],"class_list":{"0":"post-1874","1":"product","2":"type-product","3":"status-publish","4":"has-post-thumbnail","6":"product_cat-outros","7":"product_cat-moda-vestuario-e-acessorios","8":"product_tag-almere","9":"product_tag-amsterdam","10":"product_tag-brasilanda","11":"product_tag-brasileiros-na-holanda","12":"product_tag-holanda","13":"product_tag-o-boticario-by-rita","14":"product_tag-o-boticario-holanda","15":"product_tag-tupperware","17":"first","18":"instock","19":"shipping-taxable","20":"product-type-simple"},"aioseo_notices":[],"_links":{"self":[{"href":"https:\/\/brasilanda.com\/en\/wp-json\/wp\/v2\/product\/1874","targetHints":{"allow":["GET"]}}],"collection":[{"href":"https:\/\/brasilanda.com\/en\/wp-json\/wp\/v2\/product"}],"about":[{"href":"https:\/\/brasilanda.com\/en\/wp-json\/wp\/v2\/types\/product"}],"replies":[{"embeddable":true,"href":"https:\/\/brasilanda.com\/en\/wp-json\/wp\/v2\/comments?post=1874"}],"version-history":[{"count":1,"href":"https:\/\/brasilanda.com\/en\/wp-json\/wp\/v2\/product\/1874\/revisions"}],"predecessor-version":[{"id":1876,"href":"https:\/\/brasilanda.com\/en\/wp-json\/wp\/v2\/product\/1874\/revisions\/1876"}],"wp:featuredmedia":[{"embeddable":true,"href":"https:\/\/brasilanda.com\/en\/wp-json\/wp\/v2\/media\/1875"}],"wp:attachment":[{"href":"https:\/\/brasilanda.com\/en\/wp-json\/wp\/v2\/media?parent=1874"}],"wp:term":[{"taxonomy":"product_brand","embeddable":true,"href":"https:\/\/brasilanda.com\/en\/wp-json\/wp\/v2\/product_brand?post=1874"},{"taxonomy":"product_cat","embeddable":true,"href":"https:\/\/brasilanda.com\/en\/wp-json\/wp\/v2\/product_cat?post=1874"},{"taxonomy":"product_tag","embeddable":true,"href":"https:\/\/brasilanda.com\/en\/wp-json\/wp\/v2\/product_tag?post=1874"}],"curies":[{"name":"wp","href":"https:\/\/api.w.org\/{rel}","templated":true}]}}