{"id":1882,"date":"2023-04-09T08:39:06","date_gmt":"2023-04-09T06:39:06","guid":{"rendered":"https:\/\/brasilanda.com\/?post_type=product&#038;p=1882"},"modified":"2023-04-09T10:13:08","modified_gmt":"2023-04-09T08:13:08","slug":"curaveda-ancient-healing","status":"publish","type":"product","link":"https:\/\/brasilanda.com\/en\/servicos\/curaveda-ancient-healing\/","title":{"rendered":"Curaveda Ancient Healing"},"content":{"rendered":"<p>Sou a \u00fanica brasileira na Holanda com certifica\u00e7\u00e3o em Medicina Ayurveda pelo pioneiro do Ayurveda na Europa- Dr. Anil Mehta- EISRA &#8211; European Institute of Scientific Research on Ayurveda &#8211; Den Haag\/ NL e tamb\u00e9m sou a \u00fanica brasileira na Holanda certificada por Yakov Gershkovich Academy in Facelift Massage, \u00fanica brasileira na Holanda certificada pelo AYM &#8211; Ayurvedic Yoga Massage Institut UK.<\/p>\n<p>Preventive and complementary medicine based on Ayurveda \u2013 the oldest medicine in the world originally from India. Facial rejuvenation without injections \u2013 Russian method Yakov Gershkovich.<\/p>\n<p>Service in Portuguese, English, Dutch and Spanish<\/p>","protected":false},"excerpt":{"rendered":"<p>Sou a \u00fanica brasileira na Holanda com certifica\u00e7\u00e3o em Medicina Ayurveda pelo pioneiro do Ayurveda na Europa- Dr. Anil Mehta- EISRA &#8211; European Institute of Scientific Research on Ayurveda &#8211; Den Haag\/ NL e tamb\u00e9m sou a \u00fanica brasileira na Holanda certificada por Yakov Gershkovich Academy in Facelift Massage, \u00fanica brasileira na Holanda certificada pelo [&hellip;]<\/p>","protected":false},"featured_media":1883,"comment_status":"open","ping_status":"closed","template":"","meta":[],"product_brand":[],"product_cat":[237,86],"product_tag":[52,258,191,192,257,247,253,254,255,256],"class_list":{"0":"post-1882","1":"product","2":"type-product","3":"status-publish","4":"has-post-thumbnail","6":"product_cat-medicina-alternativa","7":"product_cat-saude-e-bem-estar","8":"product_tag-amsterdam","9":"product_tag-ayurveda","10":"product_tag-brasilanda","11":"product_tag-brasileiros-na-holanda","12":"product_tag-curaveda","13":"product_tag-holanda","14":"product_tag-massagem-ayurvedicas","15":"product_tag-pedras-quentes-facelift","16":"product_tag-sculpting-massage","17":"product_tag-yakov-gershkovick-methode","19":"first","20":"instock","21":"shipping-taxable","22":"product-type-simple"},"aioseo_notices":[],"_links":{"self":[{"href":"https:\/\/brasilanda.com\/en\/wp-json\/wp\/v2\/product\/1882","targetHints":{"allow":["GET"]}}],"collection":[{"href":"https:\/\/brasilanda.com\/en\/wp-json\/wp\/v2\/product"}],"about":[{"href":"https:\/\/brasilanda.com\/en\/wp-json\/wp\/v2\/types\/product"}],"replies":[{"embeddable":true,"href":"https:\/\/brasilanda.com\/en\/wp-json\/wp\/v2\/comments?post=1882"}],"version-history":[{"count":2,"href":"https:\/\/brasilanda.com\/en\/wp-json\/wp\/v2\/product\/1882\/revisions"}],"predecessor-version":[{"id":1907,"href":"https:\/\/brasilanda.com\/en\/wp-json\/wp\/v2\/product\/1882\/revisions\/1907"}],"wp:featuredmedia":[{"embeddable":true,"href":"https:\/\/brasilanda.com\/en\/wp-json\/wp\/v2\/media\/1883"}],"wp:attachment":[{"href":"https:\/\/brasilanda.com\/en\/wp-json\/wp\/v2\/media?parent=1882"}],"wp:term":[{"taxonomy":"product_brand","embeddable":true,"href":"https:\/\/brasilanda.com\/en\/wp-json\/wp\/v2\/product_brand?post=1882"},{"taxonomy":"product_cat","embeddable":true,"href":"https:\/\/brasilanda.com\/en\/wp-json\/wp\/v2\/product_cat?post=1882"},{"taxonomy":"product_tag","embeddable":true,"href":"https:\/\/brasilanda.com\/en\/wp-json\/wp\/v2\/product_tag?post=1882"}],"curies":[{"name":"wp","href":"https:\/\/api.w.org\/{rel}","templated":true}]}}