{"id":342,"date":"2022-08-03T08:23:48","date_gmt":"2022-08-03T06:23:48","guid":{"rendered":"https:\/\/brasilanda.com\/?post_type=product&#038;p=342"},"modified":"2022-11-18T21:26:07","modified_gmt":"2022-11-18T20:26:07","slug":"bragas-creations","status":"publish","type":"product","link":"https:\/\/brasilanda.com\/en\/servicos\/bragas-creations\/","title":{"rendered":"Braga&#8217;s Creations"},"content":{"rendered":"<p>Braga's Creations works with webdesign, branding and digital marketing. For us, a project is not just about the problem we are given, but we like to think together with you, as a client, about all general aspects beyond the project itself. Whenever possible, we also provide various types of tips to make your life as an entrepreneur easier.<\/p>\n<p>Do you have a project in mind, questions or would you like advice about your company? Please contact us through the various channels and we will ensure that your question is answered.\nService in Portuguese, Dutch and English<\/p>\n<p>Atendimento em portugu\u00eas, holand\u00eas e ingles.<\/p>","protected":false},"excerpt":{"rendered":"<p>Braga&#8217;s Creations trabalha com webdesign, branding e marketing digital. Para n\u00f3s, um projeto n\u00e3o \u00e9 apenas sobre o problema que recebemos, mas gostamos de pensar junto com voc\u00ea, como cliente, em todos os aspectos gerais al\u00e9m do projeto em si. Sempre que poss\u00edvel, tamb\u00e9m damos v\u00e1rios tipos de dicas para facilitar sua vida como empreendedor. [&hellip;]<\/p>","protected":false},"featured_media":275,"comment_status":"open","ping_status":"closed","template":"","meta":[],"product_brand":[],"product_cat":[38],"product_tag":[52,58,59],"class_list":{"0":"post-342","1":"product","2":"type-product","3":"status-publish","4":"has-post-thumbnail","6":"product_cat-empreendedorismo-e-marketing","7":"product_tag-amsterdam","8":"product_tag-marketing-digital","9":"product_tag-nederland","11":"first","12":"instock","13":"shipping-taxable","14":"product-type-simple"},"aioseo_notices":[],"_links":{"self":[{"href":"https:\/\/brasilanda.com\/en\/wp-json\/wp\/v2\/product\/342","targetHints":{"allow":["GET"]}}],"collection":[{"href":"https:\/\/brasilanda.com\/en\/wp-json\/wp\/v2\/product"}],"about":[{"href":"https:\/\/brasilanda.com\/en\/wp-json\/wp\/v2\/types\/product"}],"replies":[{"embeddable":true,"href":"https:\/\/brasilanda.com\/en\/wp-json\/wp\/v2\/comments?post=342"}],"version-history":[{"count":3,"href":"https:\/\/brasilanda.com\/en\/wp-json\/wp\/v2\/product\/342\/revisions"}],"predecessor-version":[{"id":1518,"href":"https:\/\/brasilanda.com\/en\/wp-json\/wp\/v2\/product\/342\/revisions\/1518"}],"wp:featuredmedia":[{"embeddable":true,"href":"https:\/\/brasilanda.com\/en\/wp-json\/wp\/v2\/media\/275"}],"wp:attachment":[{"href":"https:\/\/brasilanda.com\/en\/wp-json\/wp\/v2\/media?parent=342"}],"wp:term":[{"taxonomy":"product_brand","embeddable":true,"href":"https:\/\/brasilanda.com\/en\/wp-json\/wp\/v2\/product_brand?post=342"},{"taxonomy":"product_cat","embeddable":true,"href":"https:\/\/brasilanda.com\/en\/wp-json\/wp\/v2\/product_cat?post=342"},{"taxonomy":"product_tag","embeddable":true,"href":"https:\/\/brasilanda.com\/en\/wp-json\/wp\/v2\/product_tag?post=342"}],"curies":[{"name":"wp","href":"https:\/\/api.w.org\/{rel}","templated":true}]}}