{"id":3,"date":"2022-07-10T17:16:05","date_gmt":"2022-07-10T15:16:05","guid":{"rendered":"https:\/\/brasilanda.com\/?page_id=3"},"modified":"2023-01-08T00:26:40","modified_gmt":"2023-01-07T23:26:40","slug":"politica-de-privacidade","status":"publish","type":"page","link":"https:\/\/brasilanda.com\/nl\/politica-de-privacidade\/","title":{"rendered":"Privacybeleid"},"content":{"rendered":"<div data-elementor-type=\"wp-page\" data-elementor-id=\"3\" class=\"elementor elementor-3\" data-elementor-post-type=\"page\">\n\t\t\t\t\t\t<section class=\"elementor-section elementor-top-section elementor-element elementor-element-30a90fe4 elementor-section-content-middle elementor-section-boxed elementor-section-height-default elementor-section-height-default\" data-id=\"30a90fe4\" data-element_type=\"section\" data-e-type=\"section\">\n\t\t\t\t\t\t<div class=\"elementor-container elementor-column-gap-no\">\n\t\t\t\t\t<div class=\"elementor-column elementor-col-100 elementor-top-column elementor-element elementor-element-5676bbba\" data-id=\"5676bbba\" data-element_type=\"column\" data-e-type=\"column\">\n\t\t\t<div class=\"elementor-widget-wrap elementor-element-populated\">\n\t\t\t\t\t\t<div class=\"elementor-element elementor-element-2851498b elementor-widget elementor-widget-heading\" data-id=\"2851498b\" data-element_type=\"widget\" data-e-type=\"widget\" data-widget_type=\"heading.default\">\n\t\t\t\t<div class=\"elementor-widget-container\">\n\t\t\t\t\t<h1 class=\"elementor-heading-title elementor-size-default\">Privacybeleid<\/h1>\t\t\t\t<\/div>\n\t\t\t\t<\/div>\n\t\t\t\t<div class=\"elementor-element elementor-element-2ca60089 elementor-widget-divider--view-line elementor-widget elementor-widget-divider\" data-id=\"2ca60089\" data-element_type=\"widget\" data-e-type=\"widget\" data-widget_type=\"divider.default\">\n\t\t\t\t<div class=\"elementor-widget-container\">\n\t\t\t\t\t\t\t<div class=\"elementor-divider\">\n\t\t\t<span class=\"elementor-divider-separator\">\n\t\t\t\t\t\t<\/span>\n\t\t<\/div>\n\t\t\t\t\t\t<\/div>\n\t\t\t\t<\/div>\n\t\t\t\t\t<\/div>\n\t\t<\/div>\n\t\t\t\t\t<\/div>\n\t\t<\/section>\n\t\t\t\t<section class=\"elementor-section elementor-top-section elementor-element elementor-element-77efe9d0 elementor-section-content-middle elementor-section-boxed elementor-section-height-default elementor-section-height-default\" data-id=\"77efe9d0\" data-element_type=\"section\" data-e-type=\"section\">\n\t\t\t\t\t\t<div class=\"elementor-container elementor-column-gap-no\">\n\t\t\t\t\t<div class=\"elementor-column elementor-col-100 elementor-top-column elementor-element elementor-element-7192f7eb\" data-id=\"7192f7eb\" data-element_type=\"column\" data-e-type=\"column\">\n\t\t\t<div class=\"elementor-widget-wrap elementor-element-populated\">\n\t\t\t\t\t\t<div class=\"elementor-element elementor-element-6f20295 elementor-widget elementor-widget-table-of-contents\" data-id=\"6f20295\" data-element_type=\"widget\" data-e-type=\"widget\" data-settings=\"{&quot;headings_by_tags&quot;:[&quot;h2&quot;],&quot;exclude_headings_by_selector&quot;:[],&quot;marker_view&quot;:&quot;bullets&quot;,&quot;icon&quot;:{&quot;value&quot;:&quot;&quot;,&quot;library&quot;:&quot;&quot;},&quot;no_headings_message&quot;:&quot;N\\u00e3o foram encontrados cabe\\u00e7alhos nesta p\\u00e1gina.&quot;,&quot;hierarchical_view&quot;:&quot;yes&quot;,&quot;min_height&quot;:{&quot;unit&quot;:&quot;px&quot;,&quot;size&quot;:&quot;&quot;,&quot;sizes&quot;:[]},&quot;min_height_tablet&quot;:{&quot;unit&quot;:&quot;px&quot;,&quot;size&quot;:&quot;&quot;,&quot;sizes&quot;:[]},&quot;min_height_mobile&quot;:{&quot;unit&quot;:&quot;px&quot;,&quot;size&quot;:&quot;&quot;,&quot;sizes&quot;:[]}}\" data-widget_type=\"table-of-contents.default\">\n\t\t\t\t<div class=\"elementor-widget-container\">\n\t\t\t\t\t\t\t<div class=\"elementor-toc__header\">\n\t\t\t<h2 class=\"elementor-toc__header-title\">\n\t\t\t\t\u00cdndice\t\t\t<\/h2>\n\t\t\t\t\t<\/div>\n\t\t<div id=\"elementor-toc__6f20295\" class=\"elementor-toc__body\">\n\t\t\t<div class=\"elementor-toc__spinner-container\">\n\t\t\t\t<i class=\"elementor-toc__spinner eicon-animation-spin eicon-loading\" aria-hidden=\"true\"><\/i>\t\t\t<\/div>\n\t\t<\/div>\n\t\t\t\t\t\t<\/div>\n\t\t\t\t<\/div>\n\t\t\t\t<div class=\"elementor-element elementor-element-c9087e6 elementor-widget elementor-widget-heading\" data-id=\"c9087e6\" data-element_type=\"widget\" data-e-type=\"widget\" data-widget_type=\"heading.default\">\n\t\t\t\t<div class=\"elementor-widget-container\">\n\t\t\t\t\t<h2 class=\"elementor-heading-title elementor-size-default\">1. Quem somos<\/h2>\t\t\t\t<\/div>\n\t\t\t\t<\/div>\n\t\t\t\t<div class=\"elementor-element elementor-element-d8aa9a3 elementor-widget elementor-widget-text-editor\" data-id=\"d8aa9a3\" data-element_type=\"widget\" data-e-type=\"widget\" data-widget_type=\"text-editor.default\">\n\t\t\t\t<div class=\"elementor-widget-container\">\n\t\t\t\t\t\t\t\t\t<p>A Brasilanda \u00e9 respons\u00e1vel pelo processamento de dados pessoais conforme demonstrado nesta declara\u00e7\u00e3o de privacidade.<\/p>\n<p>Nossas informa\u00e7\u00f5es de contato:<\/p>\n<ul>\n<li>Brasilanda<\/li>\n<li>www.brasilanda.com<\/li>\n<li>info@brasilanda.com<\/li>\n<\/ul>\t\t\t\t\t\t\t\t<\/div>\n\t\t\t\t<\/div>\n\t\t\t\t<div class=\"elementor-element elementor-element-2c4bd35 elementor-widget elementor-widget-heading\" data-id=\"2c4bd35\" data-element_type=\"widget\" data-e-type=\"widget\" data-widget_type=\"heading.default\">\n\t\t\t\t<div class=\"elementor-widget-container\">\n\t\t\t\t\t<h2 class=\"elementor-heading-title elementor-size-default\">2. Visita ao site<\/h2>\t\t\t\t<\/div>\n\t\t\t\t<\/div>\n\t\t\t\t<div class=\"elementor-element elementor-element-076bf3b elementor-widget elementor-widget-text-editor\" data-id=\"076bf3b\" data-element_type=\"widget\" data-e-type=\"widget\" data-widget_type=\"text-editor.default\">\n\t\t\t\t<div class=\"elementor-widget-container\">\n\t\t\t\t\t\t\t\t\t<div class=\"elementor-element elementor-element-23669144 elementor-widget elementor-widget-text-editor\" data-id=\"23669144\" data-element_type=\"widget\" data-widget_type=\"text-editor.default\">\n<div class=\"elementor-widget-container\">\n<ol>\n<li aria-level=\"2\">Os dados gerais do visitante s\u00e3o mantidos no site https:\/\/brasilanda.com, incluindo o endere\u00e7o IP do seu computador e o tempo de recupera\u00e7\u00e3o e os dados que o seu navegador envia. Esses dados s\u00e3o usados \u200b\u200bpara an\u00e1lises de comportamento de visitas e cliques no site. usa essas informa\u00e7\u00f5es para melhorar o funcionamento do site. Esses dados s\u00e3o tornados an\u00f4nimos tanto quanto poss\u00edvel e n\u00e3o s\u00e3o fornecidos a terceiros.<br \/><br \/><\/li>\n<li aria-level=\"2\">Nosso site usa o Google Analytics para rastrear como os usu\u00e1rios usam o site e a efic\u00e1cia dos an\u00fancios do Adwords da Brasilanda nas p\u00e1ginas de resultados de pesquisa do Google.<br \/>\u00a0<\/li>\n<li aria-level=\"2\">As informa\u00e7\u00f5es assim obtidas, incluindo o endere\u00e7o do seu computador (endere\u00e7o IP), s\u00e3o transferidas e armazenadas pelo Google em servidores nos Estados Unidos. Leia a pol\u00edtica de privacidade do Google para obter mais informa\u00e7\u00f5es. Voc\u00ea tamb\u00e9m encontrar\u00e1 a pol\u00edtica de privacidade do Google Analytics aqui.\u00a0<br \/><br \/><\/li>\n<li aria-level=\"2\">O Google usa essas informa\u00e7\u00f5es para rastrear como nosso site \u00e9 usado, para fornecer relat\u00f3rios sobre o site para a Brasilanda e para fornecer aos seus anunciantes informa\u00e7\u00f5es sobre a efic\u00e1cia de suas campanhas. O Google pode fornecer essas informa\u00e7\u00f5es a terceiros se o Google for legalmente obrigado a faz\u00ea-lo ou na medida em que esses terceiros processem as informa\u00e7\u00f5es em nome do Google. A Brasilanda n\u00e3o tem influ\u00eancia sobre isso.<br \/><br \/><\/li>\n<li aria-level=\"2\">A Brasilanda n\u00e3o deu permiss\u00e3o ao Google para usar as informa\u00e7\u00f5es do Analytics obtidas por meio dela para outros servi\u00e7os do Google.<\/li>\n<\/ol>\n<\/div>\n<\/div>\t\t\t\t\t\t\t\t<\/div>\n\t\t\t\t<\/div>\n\t\t\t\t<div class=\"elementor-element elementor-element-52bfac8 elementor-widget elementor-widget-heading\" data-id=\"52bfac8\" data-element_type=\"widget\" data-e-type=\"widget\" data-widget_type=\"heading.default\">\n\t\t\t\t<div class=\"elementor-widget-container\">\n\t\t\t\t\t<h2 class=\"elementor-heading-title elementor-size-default\">3. Seguran\u00e7a<\/h2>\t\t\t\t<\/div>\n\t\t\t\t<\/div>\n\t\t\t\t<div class=\"elementor-element elementor-element-3d67db4 elementor-widget elementor-widget-text-editor\" data-id=\"3d67db4\" data-element_type=\"widget\" data-e-type=\"widget\" data-widget_type=\"text-editor.default\">\n\t\t\t\t<div class=\"elementor-widget-container\">\n\t\t\t\t\t\t\t\t\t<ol>\n<li aria-level=\"2\">A Brasilanda leva a s\u00e9rio a prote\u00e7\u00e3o de seus dados e toma as medidas adequadas para evitar o uso indevido, perda, acesso n\u00e3o autorizado, divulga\u00e7\u00e3o indesejada e modifica\u00e7\u00e3o n\u00e3o autorizada.\u00a0<br \/><br \/><\/li>\n<li aria-level=\"2\">O site usa um certificado SSL confi\u00e1vel para garantir que seus dados pessoais n\u00e3o caiam em m\u00e3os erradas.\u00a0<br \/><br \/><\/li>\n<li aria-level=\"2\">Se tiver a impress\u00e3o de que os seus dados n\u00e3o est\u00e3o devidamente protegidos ou houver ind\u00edcios de uso indevido, ou se desejar mais informa\u00e7\u00f5es sobre a seguran\u00e7a dos dados pessoais recolhidos, contacte-nos atrav\u00e9s de info@brasilanda.com.<\/li>\n<\/ol>\t\t\t\t\t\t\t\t<\/div>\n\t\t\t\t<\/div>\n\t\t\t\t\t<\/div>\n\t\t<\/div>\n\t\t\t\t\t<\/div>\n\t\t<\/section>\n\t\t\t\t<section class=\"elementor-section elementor-top-section elementor-element elementor-element-8c0247a elementor-section-content-middle elementor-section-boxed elementor-section-height-default elementor-section-height-default\" data-id=\"8c0247a\" data-element_type=\"section\" data-e-type=\"section\" data-settings=\"{&quot;background_background&quot;:&quot;classic&quot;}\">\n\t\t\t\t\t\t<div class=\"elementor-container elementor-column-gap-no\">\n\t\t\t\t\t<div class=\"elementor-column elementor-col-100 elementor-top-column elementor-element elementor-element-27069b23\" data-id=\"27069b23\" data-element_type=\"column\" data-e-type=\"column\" data-settings=\"{&quot;background_background&quot;:&quot;classic&quot;}\">\n\t\t\t<div class=\"elementor-widget-wrap elementor-element-populated\">\n\t\t\t\t\t\t<div class=\"elementor-element elementor-element-7adf08ad elementor-blockquote--skin-quotation elementor-blockquote--align-center elementor-blockquote--button-color-official elementor-widget elementor-widget-blockquote\" data-id=\"7adf08ad\" data-element_type=\"widget\" data-e-type=\"widget\" data-widget_type=\"blockquote.default\">\n\t\t\t\t<div class=\"elementor-widget-container\">\n\t\t\t\t\t\t\t<blockquote class=\"elementor-blockquote\">\n\t\t\t<p class=\"elementor-blockquote__content\">\n\t\t\t\tWie alleen loopt, komt misschien wel sneller aan, maar wie samen gaat, gaat zeker ver.\t\t\t<\/p>\n\t\t\t\t\t\t\t<div class=\"e-q-footer\">\n\t\t\t\t\t\t\t\t\t\t\t<cite class=\"elementor-blockquote__author\">Clarice Lispector<\/cite>\n\t\t\t\t\t\t\t\t\t\t\t\t\t\t<\/div>\n\t\t\t\t\t<\/blockquote>\n\t\t\t\t\t\t<\/div>\n\t\t\t\t<\/div>\n\t\t\t\t\t<\/div>\n\t\t<\/div>\n\t\t\t\t\t<\/div>\n\t\t<\/section>\n\t\t\t\t<section class=\"elementor-section elementor-top-section elementor-element elementor-element-4f62a533 elementor-section-boxed elementor-section-height-default elementor-section-height-default\" data-id=\"4f62a533\" data-element_type=\"section\" data-e-type=\"section\">\n\t\t\t\t\t\t<div class=\"elementor-container elementor-column-gap-default\">\n\t\t\t\t\t<div class=\"elementor-column elementor-col-100 elementor-top-column elementor-element elementor-element-2efd2a14\" data-id=\"2efd2a14\" data-element_type=\"column\" data-e-type=\"column\">\n\t\t\t<div class=\"elementor-widget-wrap elementor-element-populated\">\n\t\t\t\t\t\t<div class=\"elementor-element elementor-element-73944beb elementor-widget elementor-widget-heading\" data-id=\"73944beb\" data-element_type=\"widget\" data-e-type=\"widget\" data-widget_type=\"heading.default\">\n\t\t\t\t<div class=\"elementor-widget-container\">\n\t\t\t\t\t<h3 class=\"elementor-heading-title elementor-size-default\">Wilt u uw bedrijf introduceren of iets interessants delen? <\/h3>\t\t\t\t<\/div>\n\t\t\t\t<\/div>\n\t\t\t\t<div class=\"elementor-element elementor-element-7a44110f elementor-widget elementor-widget-text-editor\" data-id=\"7a44110f\" data-element_type=\"widget\" data-e-type=\"widget\" data-widget_type=\"text-editor.default\">\n\t\t\t\t<div class=\"elementor-widget-container\">\n\t\t\t\t\t\t\t\t\t<p>Dit is de juiste plek voor ons om informatie, interesses en nieuws met elkaar te delen.\u00a0<\/p><p>Neem contact met ons op via onderstaande knop.<\/p>\t\t\t\t\t\t\t\t<\/div>\n\t\t\t\t<\/div>\n\t\t\t\t<div class=\"elementor-element elementor-element-34c07462 elementor-align-center elementor-invisible elementor-widget elementor-widget-button\" data-id=\"34c07462\" data-element_type=\"widget\" data-e-type=\"widget\" data-settings=\"{&quot;_animation&quot;:&quot;fadeInDown&quot;}\" data-widget_type=\"button.default\">\n\t\t\t\t<div class=\"elementor-widget-container\">\n\t\t\t\t\t\t\t\t\t<div class=\"elementor-button-wrapper\">\n\t\t\t\t\t<a class=\"elementor-button elementor-button-link elementor-size-sm elementor-animation-grow\" href=\"\/nl\/contato\/\">\n\t\t\t\t\t\t<span class=\"elementor-button-content-wrapper\">\n\t\t\t\t\t\t\t\t\t<span class=\"elementor-button-text\">Neem contact<\/span>\n\t\t\t\t\t<\/span>\n\t\t\t\t\t<\/a>\n\t\t\t\t<\/div>\n\t\t\t\t\t\t\t\t<\/div>\n\t\t\t\t<\/div>\n\t\t\t\t\t<\/div>\n\t\t<\/div>\n\t\t\t\t\t<\/div>\n\t\t<\/section>\n\t\t\t\t<\/div>","protected":false},"excerpt":{"rendered":"<p>Pol\u00edtica de privacidade \u00cdndice 1. Quem somos A Brasilanda \u00e9 respons\u00e1vel pelo processamento de dados pessoais conforme demonstrado nesta declara\u00e7\u00e3o de privacidade. Nossas informa\u00e7\u00f5es de contato: Brasilanda www.brasilanda.com info@brasilanda.com 2. Visita ao site Os dados gerais do visitante s\u00e3o mantidos no site https:\/\/brasilanda.com, incluindo o endere\u00e7o IP do seu computador e o tempo de recupera\u00e7\u00e3o [&hellip;]<\/p>","protected":false},"author":1,"featured_media":0,"parent":0,"menu_order":0,"comment_status":"closed","ping_status":"closed","template":"elementor_header_footer","meta":{"footnotes":""},"class_list":["post-3","page","type-page","status-publish","hentry"],"aioseo_notices":[],"_links":{"self":[{"href":"https:\/\/brasilanda.com\/nl\/wp-json\/wp\/v2\/pages\/3","targetHints":{"allow":["GET"]}}],"collection":[{"href":"https:\/\/brasilanda.com\/nl\/wp-json\/wp\/v2\/pages"}],"about":[{"href":"https:\/\/brasilanda.com\/nl\/wp-json\/wp\/v2\/types\/page"}],"author":[{"embeddable":true,"href":"https:\/\/brasilanda.com\/nl\/wp-json\/wp\/v2\/users\/1"}],"replies":[{"embeddable":true,"href":"https:\/\/brasilanda.com\/nl\/wp-json\/wp\/v2\/comments?post=3"}],"version-history":[{"count":14,"href":"https:\/\/brasilanda.com\/nl\/wp-json\/wp\/v2\/pages\/3\/revisions"}],"predecessor-version":[{"id":1803,"href":"https:\/\/brasilanda.com\/nl\/wp-json\/wp\/v2\/pages\/3\/revisions\/1803"}],"wp:attachment":[{"href":"https:\/\/brasilanda.com\/nl\/wp-json\/wp\/v2\/media?parent=3"}],"curies":[{"name":"wp","href":"https:\/\/api.w.org\/{rel}","templated":true}]}}