{"id":1661,"date":"2022-11-22T21:48:45","date_gmt":"2022-11-22T20:48:45","guid":{"rendered":"https:\/\/brasilanda.com\/?post_type=product&#038;p=1661"},"modified":"2022-11-22T22:40:23","modified_gmt":"2022-11-22T21:40:23","slug":"jsr-2","status":"publish","type":"product","link":"https:\/\/brasilanda.com\/nl\/servicos\/jsr-2\/","title":{"rendered":"JSR"},"content":{"rendered":"<p>Comida em geral: bolos, doces, salgadinhos, buffet, decora\u00e7\u00e3o de festas e afins, com qualidade e pontualidade, fa\u00e7o tudo com muito amor, higiene e organiza\u00e7\u00e3o. Atendimento em portugu\u00eas, holand\u00eas e ingl\u00eas;<\/p>","protected":false},"excerpt":{"rendered":"<p>Comida em geral: bolos, doces, salgadinhos, buffet, decora\u00e7\u00e3o de festas e afins, com qualidade e pontualidade, fa\u00e7o tudo com muito amor, higiene e organiza\u00e7\u00e3o. Atendimento em portugu\u00eas, holand\u00eas e ingl\u00eas;<\/p>","protected":false},"featured_media":1537,"comment_status":"open","ping_status":"closed","template":"","meta":[],"product_brand":[],"product_cat":[35],"product_tag":[52,131,154,156,134,158,155,159,157,59,127],"class_list":{"0":"post-1661","1":"product","2":"type-product","3":"status-publish","4":"has-post-thumbnail","6":"product_cat-alimentacao-e-bebidas","7":"product_tag-amsterdam","8":"product_tag-bolo-de-aniversario","9":"product_tag-bolobrasileiro","10":"product_tag-brigadeiro","11":"product_tag-buffet","12":"product_tag-comidabrasileira","13":"product_tag-coxinha","14":"product_tag-decoracaodefesta","15":"product_tag-docesesalgadosbrasileiros","16":"product_tag-nederland","17":"product_tag-westzaan","19":"first","20":"instock","21":"shipping-taxable","22":"product-type-simple"},"aioseo_notices":[],"_links":{"self":[{"href":"https:\/\/brasilanda.com\/nl\/wp-json\/wp\/v2\/product\/1661","targetHints":{"allow":["GET"]}}],"collection":[{"href":"https:\/\/brasilanda.com\/nl\/wp-json\/wp\/v2\/product"}],"about":[{"href":"https:\/\/brasilanda.com\/nl\/wp-json\/wp\/v2\/types\/product"}],"replies":[{"embeddable":true,"href":"https:\/\/brasilanda.com\/nl\/wp-json\/wp\/v2\/comments?post=1661"}],"version-history":[{"count":2,"href":"https:\/\/brasilanda.com\/nl\/wp-json\/wp\/v2\/product\/1661\/revisions"}],"predecessor-version":[{"id":1673,"href":"https:\/\/brasilanda.com\/nl\/wp-json\/wp\/v2\/product\/1661\/revisions\/1673"}],"wp:featuredmedia":[{"embeddable":true,"href":"https:\/\/brasilanda.com\/nl\/wp-json\/wp\/v2\/media\/1537"}],"wp:attachment":[{"href":"https:\/\/brasilanda.com\/nl\/wp-json\/wp\/v2\/media?parent=1661"}],"wp:term":[{"taxonomy":"product_brand","embeddable":true,"href":"https:\/\/brasilanda.com\/nl\/wp-json\/wp\/v2\/product_brand?post=1661"},{"taxonomy":"product_cat","embeddable":true,"href":"https:\/\/brasilanda.com\/nl\/wp-json\/wp\/v2\/product_cat?post=1661"},{"taxonomy":"product_tag","embeddable":true,"href":"https:\/\/brasilanda.com\/nl\/wp-json\/wp\/v2\/product_tag?post=1661"}],"curies":[{"name":"wp","href":"https:\/\/api.w.org\/{rel}","templated":true}]}}