{"id":1665,"date":"2022-11-22T22:01:22","date_gmt":"2022-11-22T21:01:22","guid":{"rendered":"https:\/\/brasilanda.com\/?post_type=product&#038;p=1665"},"modified":"2023-01-18T22:03:46","modified_gmt":"2023-01-18T21:03:46","slug":"xavante","status":"publish","type":"product","link":"https:\/\/brasilanda.com\/nl\/servicos\/xavante\/","title":{"rendered":"Xavante"},"content":{"rendered":"<p>Wij werken met binnen- en buitenschilderwerk, zoals wandafwerkingen, restauraties en houtrotreparaties.<\/p>\n<p>Samen met u kijk ik wat er aan uw huis of pand moet gebeuren en bespreken we de mogelijkheden. U ontvangt een vrijblijvende offerte met daarin uw gewenste aanpak en advies.<\/p>\n<p>Idiomas: portugu\u00eas e holand\u00eas<\/p>","protected":false},"excerpt":{"rendered":"<p>Trabalhamos com pintura de interiores e exteriores, como acabamentos de paredes, restaura\u00e7\u00f5es e reparos de apodrecimento de madeira. Junto com voc\u00ea eu vejo o que precisa ser feito na sua casa ou constru\u00e7\u00e3o e discutimos as possibilidades. Voc\u00ea receber\u00e1 um or\u00e7amento sem compromisso que inclui a abordagem e aconselhamento desejados. Idiomas: portugu\u00eas e holand\u00eas<\/p>","protected":false},"featured_media":1666,"comment_status":"open","ping_status":"closed","template":"","meta":[],"product_brand":[],"product_cat":[36,160],"product_tag":[61,52,162,59,161,163],"class_list":{"0":"post-1665","1":"product","2":"type-product","3":"status-publish","4":"has-post-thumbnail","6":"product_cat-casa-mobilia-e-jardim","7":"product_cat-construcao","8":"product_tag-almere","9":"product_tag-amsterdam","10":"product_tag-construcao","11":"product_tag-nederland","12":"product_tag-noord-holland","13":"product_tag-pintura","15":"first","16":"instock","17":"shipping-taxable","18":"product-type-simple"},"aioseo_notices":[],"_links":{"self":[{"href":"https:\/\/brasilanda.com\/nl\/wp-json\/wp\/v2\/product\/1665","targetHints":{"allow":["GET"]}}],"collection":[{"href":"https:\/\/brasilanda.com\/nl\/wp-json\/wp\/v2\/product"}],"about":[{"href":"https:\/\/brasilanda.com\/nl\/wp-json\/wp\/v2\/types\/product"}],"replies":[{"embeddable":true,"href":"https:\/\/brasilanda.com\/nl\/wp-json\/wp\/v2\/comments?post=1665"}],"version-history":[{"count":1,"href":"https:\/\/brasilanda.com\/nl\/wp-json\/wp\/v2\/product\/1665\/revisions"}],"predecessor-version":[{"id":1667,"href":"https:\/\/brasilanda.com\/nl\/wp-json\/wp\/v2\/product\/1665\/revisions\/1667"}],"wp:featuredmedia":[{"embeddable":true,"href":"https:\/\/brasilanda.com\/nl\/wp-json\/wp\/v2\/media\/1666"}],"wp:attachment":[{"href":"https:\/\/brasilanda.com\/nl\/wp-json\/wp\/v2\/media?parent=1665"}],"wp:term":[{"taxonomy":"product_brand","embeddable":true,"href":"https:\/\/brasilanda.com\/nl\/wp-json\/wp\/v2\/product_brand?post=1665"},{"taxonomy":"product_cat","embeddable":true,"href":"https:\/\/brasilanda.com\/nl\/wp-json\/wp\/v2\/product_cat?post=1665"},{"taxonomy":"product_tag","embeddable":true,"href":"https:\/\/brasilanda.com\/nl\/wp-json\/wp\/v2\/product_tag?post=1665"}],"curies":[{"name":"wp","href":"https:\/\/api.w.org\/{rel}","templated":true}]}}