{"id":1722,"date":"2023-01-06T20:20:09","date_gmt":"2023-01-06T19:20:09","guid":{"rendered":"https:\/\/brasilanda.com\/?post_type=product&#038;p=1722"},"modified":"2023-01-06T22:02:48","modified_gmt":"2023-01-06T21:02:48","slug":"josephinnas-cafe","status":"publish","type":"product","link":"https:\/\/brasilanda.com\/nl\/servicos\/josephinnas-cafe\/","title":{"rendered":"Josephinna&#8217;s Caf\u00e9"},"content":{"rendered":"<p>Hapjes, taart of diner nodig voor uw feest\/vergadering\/vergadering?<\/p>\n<p>Bij Josephinna\u2019s Caf\u00e9 vind je dit alles en nog veel meer!<\/p>\n<p>Bediening in het Portugees en Nederlands.<\/p>","protected":false},"excerpt":{"rendered":"<p>Precisando de salgados, bolos ou uma janta para sua festa\/reuni\u00e3o\/encontro? No Josephinna&#8217;s Caf\u00e9 voc\u00ea encontrar\u00e1 tudo isso e muito mais! Atendimento em portugu\u00eas e holand\u00eas.<\/p>","protected":false},"featured_media":1723,"comment_status":"open","ping_status":"closed","template":"","meta":[],"product_brand":[],"product_cat":[35],"product_tag":[61,52,131,191,192,194,158,197,190,195,59,196],"class_list":{"0":"post-1722","1":"product","2":"type-product","3":"status-publish","4":"has-post-thumbnail","6":"product_cat-alimentacao-e-bebidas","7":"product_tag-almere","8":"product_tag-amsterdam","9":"product_tag-bolo-de-aniversario","10":"product_tag-brasilanda","11":"product_tag-brasileiros-na-holanda","12":"product_tag-braziliaansehapjes","13":"product_tag-comidabrasileira","14":"product_tag-eventos","15":"product_tag-flevoland","16":"product_tag-heerhugowaard","17":"product_tag-nederland","18":"product_tag-snacks","20":"first","21":"instock","22":"shipping-taxable","23":"product-type-simple"},"aioseo_notices":[],"_links":{"self":[{"href":"https:\/\/brasilanda.com\/nl\/wp-json\/wp\/v2\/product\/1722","targetHints":{"allow":["GET"]}}],"collection":[{"href":"https:\/\/brasilanda.com\/nl\/wp-json\/wp\/v2\/product"}],"about":[{"href":"https:\/\/brasilanda.com\/nl\/wp-json\/wp\/v2\/types\/product"}],"replies":[{"embeddable":true,"href":"https:\/\/brasilanda.com\/nl\/wp-json\/wp\/v2\/comments?post=1722"}],"version-history":[{"count":1,"href":"https:\/\/brasilanda.com\/nl\/wp-json\/wp\/v2\/product\/1722\/revisions"}],"predecessor-version":[{"id":1724,"href":"https:\/\/brasilanda.com\/nl\/wp-json\/wp\/v2\/product\/1722\/revisions\/1724"}],"wp:featuredmedia":[{"embeddable":true,"href":"https:\/\/brasilanda.com\/nl\/wp-json\/wp\/v2\/media\/1723"}],"wp:attachment":[{"href":"https:\/\/brasilanda.com\/nl\/wp-json\/wp\/v2\/media?parent=1722"}],"wp:term":[{"taxonomy":"product_brand","embeddable":true,"href":"https:\/\/brasilanda.com\/nl\/wp-json\/wp\/v2\/product_brand?post=1722"},{"taxonomy":"product_cat","embeddable":true,"href":"https:\/\/brasilanda.com\/nl\/wp-json\/wp\/v2\/product_cat?post=1722"},{"taxonomy":"product_tag","embeddable":true,"href":"https:\/\/brasilanda.com\/nl\/wp-json\/wp\/v2\/product_tag?post=1722"}],"curies":[{"name":"wp","href":"https:\/\/api.w.org\/{rel}","templated":true}]}}