{"id":1725,"date":"2023-01-06T20:33:18","date_gmt":"2023-01-06T19:33:18","guid":{"rendered":"https:\/\/brasilanda.com\/?post_type=product&#038;p=1725"},"modified":"2023-01-06T22:02:18","modified_gmt":"2023-01-06T21:02:18","slug":"schildersbedrijf-heijn","status":"publish","type":"product","link":"https:\/\/brasilanda.com\/nl\/servicos\/schildersbedrijf-heijn\/","title":{"rendered":"Schildersbedrijf Heijn"},"content":{"rendered":"<p>Mijn naam is Jerry Heijn en ik ben een complete schilder. Door mijn jarenlange ervaring in het schildersvak ken ik de fijne kneepjes van het vak. Elke dag ga ik vol enthousiasme naar mijn werk omdat ik als geen ander weet wat een stevige verflaag kan doen. Ik ben sterk in binnen- en buitenschilderwerk zoals wandafwerking, houtrotrestauraties en reparaties.<\/p>\n<p>Bediening in het Nederlands, Portugees en Engels.<\/p>","protected":false},"excerpt":{"rendered":"<p>Meu nome \u00e9 Jerry Heijn e sou um pintor completo. Atrav\u00e9s dos meus anos de experi\u00eancia na ind\u00fastria de pintura, conhe\u00e7o os pontos mais delicados da profiss\u00e3o. Todos os dias come\u00e7o a trabalhar cheio de entusiasmo porque sei melhor do que ningu\u00e9m o que uma camada s\u00f3lida de tinta pode fazer. Sou forte em pintura [&hellip;]<\/p>","protected":false},"featured_media":1726,"comment_status":"open","ping_status":"closed","template":"","meta":[],"product_brand":[],"product_cat":[36,160],"product_tag":[52,204,191,192,195,59,198,163,206,205,203,202,200,201,199],"class_list":{"0":"post-1725","1":"product","2":"type-product","3":"status-publish","4":"has-post-thumbnail","6":"product_cat-casa-mobilia-e-jardim","7":"product_cat-construcao","8":"product_tag-amsterdam","9":"product_tag-apodrecimento-de-madeira","10":"product_tag-brasilanda","11":"product_tag-brasileiros-na-holanda","12":"product_tag-heerhugowaard","13":"product_tag-nederland","14":"product_tag-pintor","15":"product_tag-pintura","16":"product_tag-pinturas-de-exteriores","17":"product_tag-pinturas-de-interiores","18":"product_tag-reparos-de-parede","19":"product_tag-restauracao-de-paredes","20":"product_tag-schilders","21":"product_tag-schildersbedrijf","22":"product_tag-schildersbedrijfheijn","24":"first","25":"instock","26":"shipping-taxable","27":"product-type-simple"},"aioseo_notices":[],"_links":{"self":[{"href":"https:\/\/brasilanda.com\/nl\/wp-json\/wp\/v2\/product\/1725","targetHints":{"allow":["GET"]}}],"collection":[{"href":"https:\/\/brasilanda.com\/nl\/wp-json\/wp\/v2\/product"}],"about":[{"href":"https:\/\/brasilanda.com\/nl\/wp-json\/wp\/v2\/types\/product"}],"replies":[{"embeddable":true,"href":"https:\/\/brasilanda.com\/nl\/wp-json\/wp\/v2\/comments?post=1725"}],"version-history":[{"count":1,"href":"https:\/\/brasilanda.com\/nl\/wp-json\/wp\/v2\/product\/1725\/revisions"}],"predecessor-version":[{"id":1727,"href":"https:\/\/brasilanda.com\/nl\/wp-json\/wp\/v2\/product\/1725\/revisions\/1727"}],"wp:featuredmedia":[{"embeddable":true,"href":"https:\/\/brasilanda.com\/nl\/wp-json\/wp\/v2\/media\/1726"}],"wp:attachment":[{"href":"https:\/\/brasilanda.com\/nl\/wp-json\/wp\/v2\/media?parent=1725"}],"wp:term":[{"taxonomy":"product_brand","embeddable":true,"href":"https:\/\/brasilanda.com\/nl\/wp-json\/wp\/v2\/product_brand?post=1725"},{"taxonomy":"product_cat","embeddable":true,"href":"https:\/\/brasilanda.com\/nl\/wp-json\/wp\/v2\/product_cat?post=1725"},{"taxonomy":"product_tag","embeddable":true,"href":"https:\/\/brasilanda.com\/nl\/wp-json\/wp\/v2\/product_tag?post=1725"}],"curies":[{"name":"wp","href":"https:\/\/api.w.org\/{rel}","templated":true}]}}