{"id":1728,"date":"2023-01-06T21:09:41","date_gmt":"2023-01-06T20:09:41","guid":{"rendered":"https:\/\/brasilanda.com\/?post_type=product&#038;p=1728"},"modified":"2023-01-18T22:01:43","modified_gmt":"2023-01-18T21:01:43","slug":"simony-ramos-development-of-expats","status":"publish","type":"product","link":"https:\/\/brasilanda.com\/nl\/servicos\/simony-ramos-development-of-expats\/","title":{"rendered":"Simony Ramos &#8211; Development of expats"},"content":{"rendered":"<p>Ik werk online met immigranten en expats over de hele wereld en help hen om volledig in het buitenland te leven door zelf-sabotage te deblokkeren die wordt veroorzaakt door systemische problemen (afkomst) of perceptie en handelen in de realiteit (gewond kind en verzwakte volwassene). Met het gebruik van opstellingen en innerlijke kindbenaderingen, kennis van interculturele psychologie en ervaring als immigrant, is mijn doelgroep in staat om hun interne obstakels te overwinnen en hun leven op zich te nemen om uitdagingen in het buitenland aan te gaan! Uitdagingen vari\u00ebrend van het vinden van een baan, ondernemer zijn, omgaan met de lokale cultuur, de afstand tot het land van herkomst, etc.<\/p>\n<p>Alleen online service, in het Portugees en Engels.<\/p>","protected":false},"excerpt":{"rendered":"<p>Trabalho com imigrantes e expats ao redor do mundo de forma on-line ajudando-os a viver plenamente no exterior atrav\u00e9s do desbloqueio de autosabotagens produzidas por problemas Sist\u00eamicos(de ancestralidade) ou de percep\u00e7\u00e3o e atua\u00e7\u00e3o na realidade ( crian\u00e7a ferida e adulto enfraquecido). Com o uso das constela\u00e7\u00f5es e abordagens da crian\u00e7a interna, conhecimento da psicologia intercultural [&hellip;]<\/p>","protected":false},"featured_media":1729,"comment_status":"open","ping_status":"closed","template":"","meta":[],"product_brand":[],"product_cat":[237],"product_tag":[52,191,192,207,209,211,59,208,210],"class_list":{"0":"post-1728","1":"product","2":"type-product","3":"status-publish","4":"has-post-thumbnail","6":"product_cat-medicina-alternativa","7":"product_tag-amsterdam","8":"product_tag-brasilanda","9":"product_tag-brasileiros-na-holanda","10":"product_tag-costelacao-familiar","11":"product_tag-desbloqueio","12":"product_tag-monyramosoliveira","13":"product_tag-nederland","14":"product_tag-psicologia-intercultural","15":"product_tag-simony-ramos","17":"first","18":"instock","19":"shipping-taxable","20":"product-type-simple"},"aioseo_notices":[],"_links":{"self":[{"href":"https:\/\/brasilanda.com\/nl\/wp-json\/wp\/v2\/product\/1728","targetHints":{"allow":["GET"]}}],"collection":[{"href":"https:\/\/brasilanda.com\/nl\/wp-json\/wp\/v2\/product"}],"about":[{"href":"https:\/\/brasilanda.com\/nl\/wp-json\/wp\/v2\/types\/product"}],"replies":[{"embeddable":true,"href":"https:\/\/brasilanda.com\/nl\/wp-json\/wp\/v2\/comments?post=1728"}],"version-history":[{"count":5,"href":"https:\/\/brasilanda.com\/nl\/wp-json\/wp\/v2\/product\/1728\/revisions"}],"predecessor-version":[{"id":1738,"href":"https:\/\/brasilanda.com\/nl\/wp-json\/wp\/v2\/product\/1728\/revisions\/1738"}],"wp:featuredmedia":[{"embeddable":true,"href":"https:\/\/brasilanda.com\/nl\/wp-json\/wp\/v2\/media\/1729"}],"wp:attachment":[{"href":"https:\/\/brasilanda.com\/nl\/wp-json\/wp\/v2\/media?parent=1728"}],"wp:term":[{"taxonomy":"product_brand","embeddable":true,"href":"https:\/\/brasilanda.com\/nl\/wp-json\/wp\/v2\/product_brand?post=1728"},{"taxonomy":"product_cat","embeddable":true,"href":"https:\/\/brasilanda.com\/nl\/wp-json\/wp\/v2\/product_cat?post=1728"},{"taxonomy":"product_tag","embeddable":true,"href":"https:\/\/brasilanda.com\/nl\/wp-json\/wp\/v2\/product_tag?post=1728"}],"curies":[{"name":"wp","href":"https:\/\/api.w.org\/{rel}","templated":true}]}}