{"id":1733,"date":"2023-01-06T21:21:56","date_gmt":"2023-01-06T20:21:56","guid":{"rendered":"https:\/\/brasilanda.com\/?post_type=product&#038;p=1733"},"modified":"2023-01-25T14:36:20","modified_gmt":"2023-01-25T13:36:20","slug":"marcia-maker","status":"publish","type":"product","link":"https:\/\/brasilanda.com\/nl\/servicos\/marcia-maker\/","title":{"rendered":"M\u00e1rcia Maker"},"content":{"rendered":"<p>M\u00e1rcia Maker Stationery Creatief en aanpasbaar. Het is onze taak om zoete en gelukkige herinneringen te cre\u00ebren op uw evenement. Wij maken gepersonaliseerde Luxury Paper en Biscuit Products, waarmee u uw feest een persoonlijk tintje geeft. We maken ook zelfklevende etiketten en andere dingen die te maken hebben met de Craft-wereld.<\/p>\n<p>Here we dream together with the client, having an affective, creative and personalized party. We left a \u201cIt's Just a Cupcake\u201d for a delicious and welcoming party.<\/p>\n<p>Bediening in het Portugees, en Engels;<\/p>","protected":false},"excerpt":{"rendered":"<p>M\u00e1rcia Maker Papelaria Criativa e Personaliza. Nosso trabalho \u00e9 criar mem\u00f3rias doces e alegres no seu evento. Fazemos Produtos de Papel e Biscuit personalizados Luxo, dando o seu toque pessoal em sua festa. Fazemos tamb\u00e9m etiquetas adesivas e mais coisas envolvidas no mundo Craft. Aqui a gente sonha junto com o cliente fazendo uma festa [&hellip;]<\/p>","protected":false},"featured_media":1858,"comment_status":"open","ping_status":"closed","template":"","meta":[],"product_brand":[],"product_cat":[212],"product_tag":[52,216,191,192,217,218,220,197,214,213,59,215,219],"class_list":{"0":"post-1733","1":"product","2":"type-product","3":"status-publish","4":"has-post-thumbnail","6":"product_cat-personalizados","7":"product_tag-amsterdam","8":"product_tag-biscuit","9":"product_tag-brasilanda","10":"product_tag-brasileiros-na-holanda","11":"product_tag-burgerveen","12":"product_tag-craft-adesivo-personalizados","13":"product_tag-etiquetas","14":"product_tag-eventos","15":"product_tag-marciamaker","16":"product_tag-marciamakerofficial","17":"product_tag-nederland","18":"product_tag-papelaria","19":"product_tag-papelaria-criativa","21":"first","22":"instock","23":"shipping-taxable","24":"product-type-simple"},"aioseo_notices":[],"_links":{"self":[{"href":"https:\/\/brasilanda.com\/nl\/wp-json\/wp\/v2\/product\/1733","targetHints":{"allow":["GET"]}}],"collection":[{"href":"https:\/\/brasilanda.com\/nl\/wp-json\/wp\/v2\/product"}],"about":[{"href":"https:\/\/brasilanda.com\/nl\/wp-json\/wp\/v2\/types\/product"}],"replies":[{"embeddable":true,"href":"https:\/\/brasilanda.com\/nl\/wp-json\/wp\/v2\/comments?post=1733"}],"version-history":[{"count":2,"href":"https:\/\/brasilanda.com\/nl\/wp-json\/wp\/v2\/product\/1733\/revisions"}],"predecessor-version":[{"id":1736,"href":"https:\/\/brasilanda.com\/nl\/wp-json\/wp\/v2\/product\/1733\/revisions\/1736"}],"wp:featuredmedia":[{"embeddable":true,"href":"https:\/\/brasilanda.com\/nl\/wp-json\/wp\/v2\/media\/1858"}],"wp:attachment":[{"href":"https:\/\/brasilanda.com\/nl\/wp-json\/wp\/v2\/media?parent=1733"}],"wp:term":[{"taxonomy":"product_brand","embeddable":true,"href":"https:\/\/brasilanda.com\/nl\/wp-json\/wp\/v2\/product_brand?post=1733"},{"taxonomy":"product_cat","embeddable":true,"href":"https:\/\/brasilanda.com\/nl\/wp-json\/wp\/v2\/product_cat?post=1733"},{"taxonomy":"product_tag","embeddable":true,"href":"https:\/\/brasilanda.com\/nl\/wp-json\/wp\/v2\/product_tag?post=1733"}],"curies":[{"name":"wp","href":"https:\/\/api.w.org\/{rel}","templated":true}]}}