{"id":1841,"date":"2023-01-16T19:29:08","date_gmt":"2023-01-16T18:29:08","guid":{"rendered":"https:\/\/brasilanda.com\/?post_type=product&#038;p=1841"},"modified":"2023-01-16T21:05:34","modified_gmt":"2023-01-16T20:05:34","slug":"cleaning-service","status":"publish","type":"product","link":"https:\/\/brasilanda.com\/nl\/servicos\/cleaning-service\/","title":{"rendered":"Cleaning service"},"content":{"rendered":"<p>We werken met netheid en organisatie;<\/p>\n<p>Wij zijn een team dat houdt van wat ze doen, dol is op schoonmaken en organiseren, bed Posta, badkamer altijd met details in de handdoeken en papieren, we zien graag klanttevredenheid als je thuiskomt en je hoek schoon en ruikend aantreft en een bericht stuurt uw tevredenheid tonen.<\/p>\n<p>Bediening in het Portugees, en Engels;<\/p>\n<p>We garanderen stiptheid, verantwoordelijkheid, kwaliteit, tevredenheid, we hebben ervaring en referentie.<\/p>","protected":false},"excerpt":{"rendered":"<p>Trabalhamos Com limpeza e organiza\u00e7\u00e3o; Somos uma equipe que ama o que faz, ama limpar e organizar, cama Posta, banheiro sempre com detalhes nas toalhas e pap\u00e9is, adoramos ver a satisfa\u00e7\u00e3o do cliente ao Chegar em casa e encontrar seu cantinho limpo e cheiroso e mandar mensagem mostrando sua satisfa\u00e7\u00e3o. Atedimento em portugu\u00eas e ingl\u00eas. [&hellip;]<\/p>","protected":false},"featured_media":1842,"comment_status":"open","ping_status":"closed","template":"","meta":[],"product_brand":[],"product_cat":[36],"product_tag":[52,191,192,151,150,59,221],"class_list":{"0":"post-1841","1":"product","2":"type-product","3":"status-publish","4":"has-post-thumbnail","6":"product_cat-casa-mobilia-e-jardim","7":"product_tag-amsterdam","8":"product_tag-brasilanda","9":"product_tag-brasileiros-na-holanda","10":"product_tag-faxina","11":"product_tag-limpeza","12":"product_tag-nederland","13":"product_tag-organizacao","15":"first","16":"instock","17":"shipping-taxable","18":"product-type-simple"},"aioseo_notices":[],"_links":{"self":[{"href":"https:\/\/brasilanda.com\/nl\/wp-json\/wp\/v2\/product\/1841","targetHints":{"allow":["GET"]}}],"collection":[{"href":"https:\/\/brasilanda.com\/nl\/wp-json\/wp\/v2\/product"}],"about":[{"href":"https:\/\/brasilanda.com\/nl\/wp-json\/wp\/v2\/types\/product"}],"replies":[{"embeddable":true,"href":"https:\/\/brasilanda.com\/nl\/wp-json\/wp\/v2\/comments?post=1841"}],"version-history":[{"count":1,"href":"https:\/\/brasilanda.com\/nl\/wp-json\/wp\/v2\/product\/1841\/revisions"}],"predecessor-version":[{"id":1843,"href":"https:\/\/brasilanda.com\/nl\/wp-json\/wp\/v2\/product\/1841\/revisions\/1843"}],"wp:featuredmedia":[{"embeddable":true,"href":"https:\/\/brasilanda.com\/nl\/wp-json\/wp\/v2\/media\/1842"}],"wp:attachment":[{"href":"https:\/\/brasilanda.com\/nl\/wp-json\/wp\/v2\/media?parent=1841"}],"wp:term":[{"taxonomy":"product_brand","embeddable":true,"href":"https:\/\/brasilanda.com\/nl\/wp-json\/wp\/v2\/product_brand?post=1841"},{"taxonomy":"product_cat","embeddable":true,"href":"https:\/\/brasilanda.com\/nl\/wp-json\/wp\/v2\/product_cat?post=1841"},{"taxonomy":"product_tag","embeddable":true,"href":"https:\/\/brasilanda.com\/nl\/wp-json\/wp\/v2\/product_tag?post=1841"}],"curies":[{"name":"wp","href":"https:\/\/api.w.org\/{rel}","templated":true}]}}