{"id":1844,"date":"2023-01-16T20:18:51","date_gmt":"2023-01-16T19:18:51","guid":{"rendered":"https:\/\/brasilanda.com\/?post_type=product&#038;p=1844"},"modified":"2023-01-27T16:15:13","modified_gmt":"2023-01-27T15:15:13","slug":"rm-art-e-beauty","status":"publish","type":"product","link":"https:\/\/brasilanda.com\/nl\/servicos\/rm-art-e-beauty\/","title":{"rendered":"RM Art e Beauty"},"content":{"rendered":"<p>Hallo leuk je te ontmoeten!<\/p>\n<p>Ik ben Rosane, net aangekomen in Nederland maar met veel ervaring in Brazili\u00eb, waar ik meer dan 5 jaar mijn eigen schoonheidsruimte had en in totaal meer dan 10 jaar ervaring op het gebied van schoonheid opdeed.<\/p>\n<p>Ik heb een totale passie voor cre\u00ebren en transformeren, altijd innoveren en het beste naar mijn klanten brengen.<\/p>\n<p>Ik hoop je snel te zien bij een van mijn afspraken!<\/p>\n<p>Bediening in het Portugees, en Engels;<\/p>\n<p>&nbsp;<\/p>","protected":false},"excerpt":{"rendered":"<p>Ol\u00e1, muito prazer! Sou Rosane , rec\u00e9m chegada na Holanda por\u00e9m com muita experi\u00eancia no Brasil, aonde tive meu pr\u00f3prio espa\u00e7o de beleza por mais de 5 anos e acumulando um total de experi\u00eancias na \u00e1rea da beleza por mais de 10 anos. Tenho total paix\u00e3o por criar e transformar, sempre inovando e trazendo o [&hellip;]<\/p>","protected":false},"featured_media":1845,"comment_status":"open","ping_status":"closed","template":"","meta":[],"product_brand":[],"product_cat":[86],"product_tag":[229,52,191,192,226,233,228,230,224,236,227,234,222,123,231,235,59,223,225,232],"class_list":{"0":"post-1844","1":"product","2":"type-product","3":"status-publish","4":"has-post-thumbnail","6":"product_cat-saude-e-bem-estar","7":"product_tag-alongamento-de-cilios","8":"product_tag-amsterdam","9":"product_tag-brasilanda","10":"product_tag-brasileiros-na-holanda","11":"product_tag-browlamination","12":"product_tag-coloracao","13":"product_tag-depilacao-brasileira","14":"product_tag-dermaplaning","15":"product_tag-design-de-sobrancelhas","16":"product_tag-drenagem-cabelos","17":"product_tag-lash-lifting","18":"product_tag-luzes","19":"product_tag-manicure","20":"product_tag-manicure-e-pedicure","21":"product_tag-maquiagemcorporal","22":"product_tag-mechas","23":"product_tag-nederland","24":"product_tag-pedicure","25":"product_tag-sobracelhas-com-henna","26":"product_tag-tattooo-fine-line","28":"first","29":"instock","30":"shipping-taxable","31":"product-type-simple"},"aioseo_notices":[],"_links":{"self":[{"href":"https:\/\/brasilanda.com\/nl\/wp-json\/wp\/v2\/product\/1844","targetHints":{"allow":["GET"]}}],"collection":[{"href":"https:\/\/brasilanda.com\/nl\/wp-json\/wp\/v2\/product"}],"about":[{"href":"https:\/\/brasilanda.com\/nl\/wp-json\/wp\/v2\/types\/product"}],"replies":[{"embeddable":true,"href":"https:\/\/brasilanda.com\/nl\/wp-json\/wp\/v2\/comments?post=1844"}],"version-history":[{"count":1,"href":"https:\/\/brasilanda.com\/nl\/wp-json\/wp\/v2\/product\/1844\/revisions"}],"predecessor-version":[{"id":1846,"href":"https:\/\/brasilanda.com\/nl\/wp-json\/wp\/v2\/product\/1844\/revisions\/1846"}],"wp:featuredmedia":[{"embeddable":true,"href":"https:\/\/brasilanda.com\/nl\/wp-json\/wp\/v2\/media\/1845"}],"wp:attachment":[{"href":"https:\/\/brasilanda.com\/nl\/wp-json\/wp\/v2\/media?parent=1844"}],"wp:term":[{"taxonomy":"product_brand","embeddable":true,"href":"https:\/\/brasilanda.com\/nl\/wp-json\/wp\/v2\/product_brand?post=1844"},{"taxonomy":"product_cat","embeddable":true,"href":"https:\/\/brasilanda.com\/nl\/wp-json\/wp\/v2\/product_cat?post=1844"},{"taxonomy":"product_tag","embeddable":true,"href":"https:\/\/brasilanda.com\/nl\/wp-json\/wp\/v2\/product_tag?post=1844"}],"curies":[{"name":"wp","href":"https:\/\/api.w.org\/{rel}","templated":true}]}}