{"id":1848,"date":"2023-01-18T21:42:19","date_gmt":"2023-01-18T20:42:19","guid":{"rendered":"https:\/\/brasilanda.com\/?post_type=product&#038;p=1848"},"modified":"2023-01-27T16:13:18","modified_gmt":"2023-01-27T15:13:18","slug":"ancestral-therapy-care","status":"publish","type":"product","link":"https:\/\/brasilanda.com\/nl\/servicos\/ancestral-therapy-care\/","title":{"rendered":"Ancestral Therapy Care"},"content":{"rendered":"<p>We werken met de vereniging van psychotherapie met integratieve praktijken<\/p>\n<p>Ik help vrouwen die gezondheid en welzijn nastreven met eeuwenoude technieken. Hier is een ruimte voor lichaams-, geest- en zielszorg, door middel van psychotherapeutische ondersteuning die verankerd is in natuurgeneeskunde en Traditionele Chinese Geneeskunde.<\/p>\n<p>Bediening in het Portugees, Nederlands en Engels;<\/p>","protected":false},"excerpt":{"rendered":"<p>Trabalhamos com uni\u00e3o da psicoterapia com pr\u00e1ticas integrativas. Auxilio mulheres que visam Sa\u00fade e Bem-estar com t\u00e9cnicas milenares. Aqui \u00e9 um espa\u00e7o para cuidado do corpo, da mente e da alma, por meio do suporte psicoterap\u00eautico que \u00e9 ancorado na naturopatia e na Medicina Tradicional Chinesa. Atendimento em Portugu\u00eas e holand\u00eas.<\/p>","protected":false},"featured_media":1849,"comment_status":"open","ping_status":"closed","template":"","meta":[],"product_brand":[],"product_cat":[237],"product_tag":[244,62,52,68,239,191,192,242,243,247,63,59,238,245,240,246,241],"class_list":{"0":"post-1848","1":"product","2":"type-product","3":"status-publish","4":"has-post-thumbnail","6":"product_cat-medicina-alternativa","7":"product_tag-abhyanga","8":"product_tag-acupuntura","9":"product_tag-amsterdam","10":"product_tag-aromaterapia","11":"product_tag-auriculoterapia","12":"product_tag-brasilanda","13":"product_tag-brasileiros-na-holanda","14":"product_tag-fitoterapia","15":"product_tag-florais-de-bach","16":"product_tag-holanda","17":"product_tag-medicina-tradicional-chinesa","18":"product_tag-nederland","19":"product_tag-psicoterapia","20":"product_tag-shirodhara","21":"product_tag-stiper","22":"product_tag-talassoterapia","23":"product_tag-terapias-botanicas","25":"first","26":"instock","27":"shipping-taxable","28":"product-type-simple"},"aioseo_notices":[],"_links":{"self":[{"href":"https:\/\/brasilanda.com\/nl\/wp-json\/wp\/v2\/product\/1848","targetHints":{"allow":["GET"]}}],"collection":[{"href":"https:\/\/brasilanda.com\/nl\/wp-json\/wp\/v2\/product"}],"about":[{"href":"https:\/\/brasilanda.com\/nl\/wp-json\/wp\/v2\/types\/product"}],"replies":[{"embeddable":true,"href":"https:\/\/brasilanda.com\/nl\/wp-json\/wp\/v2\/comments?post=1848"}],"version-history":[{"count":1,"href":"https:\/\/brasilanda.com\/nl\/wp-json\/wp\/v2\/product\/1848\/revisions"}],"predecessor-version":[{"id":1850,"href":"https:\/\/brasilanda.com\/nl\/wp-json\/wp\/v2\/product\/1848\/revisions\/1850"}],"wp:featuredmedia":[{"embeddable":true,"href":"https:\/\/brasilanda.com\/nl\/wp-json\/wp\/v2\/media\/1849"}],"wp:attachment":[{"href":"https:\/\/brasilanda.com\/nl\/wp-json\/wp\/v2\/media?parent=1848"}],"wp:term":[{"taxonomy":"product_brand","embeddable":true,"href":"https:\/\/brasilanda.com\/nl\/wp-json\/wp\/v2\/product_brand?post=1848"},{"taxonomy":"product_cat","embeddable":true,"href":"https:\/\/brasilanda.com\/nl\/wp-json\/wp\/v2\/product_cat?post=1848"},{"taxonomy":"product_tag","embeddable":true,"href":"https:\/\/brasilanda.com\/nl\/wp-json\/wp\/v2\/product_tag?post=1848"}],"curies":[{"name":"wp","href":"https:\/\/api.w.org\/{rel}","templated":true}]}}