{"id":1908,"date":"2023-04-25T05:29:05","date_gmt":"2023-04-25T03:29:05","guid":{"rendered":"https:\/\/brasilanda.com\/?post_type=product&#038;p=1908"},"modified":"2023-04-25T05:49:40","modified_gmt":"2023-04-25T03:49:40","slug":"prisca-creates","status":"publish","type":"product","link":"https:\/\/brasilanda.com\/nl\/servicos\/prisca-creates\/","title":{"rendered":"Prisca Creates"},"content":{"rendered":"<p>Slim ontwerp, bedacht om uw doelen te bereiken, ik personaliseer persoonlijk briefpapier.<\/p>\n<p>Ik bied digitale en grafische media-oplossingen op maat om aan uw zakelijke doelstellingen te voldoen. Ik maak persoonlijk briefpapier om je te helpen organiseren.<\/p>\n<p>Bediening in het Portugees, Nederlands en Engels;<\/p>","protected":false},"excerpt":{"rendered":"<p>Design inteligente, pensado para alcan\u00e7ar seus objetivos, fa\u00e7o a personaliza\u00e7\u00e3o de papelaria pessoal. Ofere\u00e7o solu\u00e7\u00f5es de m\u00eddias digitais e gr\u00e1ficas sob medida para atender aos objetivos do seu neg\u00f3cio. Crio papelaria pessoal, para te ajudar na organiza\u00e7\u00e3o. Atendimento em ingl\u00eas e portugu\u00eas.<\/p>","protected":false},"featured_media":1909,"comment_status":"open","ping_status":"closed","template":"","meta":[],"product_brand":[],"product_cat":[212],"product_tag":[52,263,261,247,260,219,262,259],"class_list":{"0":"post-1908","1":"product","2":"type-product","3":"status-publish","4":"has-post-thumbnail","6":"product_cat-personalizados","7":"product_tag-amsterdam","8":"product_tag-design-inteligente","9":"product_tag-grafica-sob-medida","10":"product_tag-holanda","11":"product_tag-midias-digitais","12":"product_tag-papelaria-criativa","13":"product_tag-papelaria-pessoal","14":"product_tag-prisca-creates","16":"first","17":"instock","18":"shipping-taxable","19":"product-type-simple"},"aioseo_notices":[],"_links":{"self":[{"href":"https:\/\/brasilanda.com\/nl\/wp-json\/wp\/v2\/product\/1908","targetHints":{"allow":["GET"]}}],"collection":[{"href":"https:\/\/brasilanda.com\/nl\/wp-json\/wp\/v2\/product"}],"about":[{"href":"https:\/\/brasilanda.com\/nl\/wp-json\/wp\/v2\/types\/product"}],"replies":[{"embeddable":true,"href":"https:\/\/brasilanda.com\/nl\/wp-json\/wp\/v2\/comments?post=1908"}],"version-history":[{"count":1,"href":"https:\/\/brasilanda.com\/nl\/wp-json\/wp\/v2\/product\/1908\/revisions"}],"predecessor-version":[{"id":1910,"href":"https:\/\/brasilanda.com\/nl\/wp-json\/wp\/v2\/product\/1908\/revisions\/1910"}],"wp:featuredmedia":[{"embeddable":true,"href":"https:\/\/brasilanda.com\/nl\/wp-json\/wp\/v2\/media\/1909"}],"wp:attachment":[{"href":"https:\/\/brasilanda.com\/nl\/wp-json\/wp\/v2\/media?parent=1908"}],"wp:term":[{"taxonomy":"product_brand","embeddable":true,"href":"https:\/\/brasilanda.com\/nl\/wp-json\/wp\/v2\/product_brand?post=1908"},{"taxonomy":"product_cat","embeddable":true,"href":"https:\/\/brasilanda.com\/nl\/wp-json\/wp\/v2\/product_cat?post=1908"},{"taxonomy":"product_tag","embeddable":true,"href":"https:\/\/brasilanda.com\/nl\/wp-json\/wp\/v2\/product_tag?post=1908"}],"curies":[{"name":"wp","href":"https:\/\/api.w.org\/{rel}","templated":true}]}}