{"id":550,"date":"2022-08-17T10:31:10","date_gmt":"2022-08-17T08:31:10","guid":{"rendered":"https:\/\/brasilanda.com\/?post_type=product&#038;p=550"},"modified":"2023-01-18T22:12:45","modified_gmt":"2023-01-18T21:12:45","slug":"dami-acupunctuur-welzijn","status":"publish","type":"product","link":"https:\/\/brasilanda.com\/nl\/servicos\/dami-acupunctuur-welzijn\/","title":{"rendered":"Dami Acupunctuur &amp; Welzijn"},"content":{"rendered":"<p>Ik help vrouwen om de vrouwelijke kracht te ontwaken, op een natuurlijke, integratieve en therapeutische manier.<\/p>\n<p>Ik werk aan de Heilig Vrouwelijk en Traditionele Chinese Geneeskunde en laat mijn pati\u00ebnten zien dat het mogelijk is om voor zichzelf te zorgen en te voldoen aan de eisen van het dagelijks leven. Met deze instrumenten probeer ik nabijheid en verdere verduidelijking te bieden aan degenen die mij zoeken.<\/p>\n<p>Bediening in het Portugees, Engels, Nederlands en Spaans<\/p>","protected":false},"excerpt":{"rendered":"<p>Ajudo mulheres a despertarem o Poder feminino, de maneira natural, integrativa e terap\u00eautica. Trabalho engajada no Sagrado Feminino e na Medicina Tradicional Chinesa, mostrando as minhas pacientes que \u00e9 poss\u00edvel cuidar de si e dar conta das exig\u00eancias do dia-a-dia. Com esses instrumentos, procuro dar proximidade e mais esclarecimentos para quem me procura. Atendimento em [&hellip;]<\/p>","protected":false},"featured_media":551,"comment_status":"open","ping_status":"closed","template":"","meta":[],"product_brand":[],"product_cat":[237],"product_tag":[62,69,61,68,54,191,192,67,65,63,66,64],"class_list":{"0":"post-550","1":"product","2":"type-product","3":"status-publish","4":"has-post-thumbnail","6":"product_cat-medicina-alternativa","7":"product_tag-acupuntura","8":"product_tag-alimentacao-terapeutica","9":"product_tag-almere","10":"product_tag-aromaterapia","11":"product_tag-atendimento-presencial","12":"product_tag-brasilanda","13":"product_tag-brasileiros-na-holanda","14":"product_tag-cupping","15":"product_tag-ginecologia-natural","16":"product_tag-medicina-tradicional-chinesa","17":"product_tag-moxabustao","18":"product_tag-sagrado-feminino","20":"first","21":"instock","22":"shipping-taxable","23":"product-type-simple"},"aioseo_notices":[],"_links":{"self":[{"href":"https:\/\/brasilanda.com\/nl\/wp-json\/wp\/v2\/product\/550","targetHints":{"allow":["GET"]}}],"collection":[{"href":"https:\/\/brasilanda.com\/nl\/wp-json\/wp\/v2\/product"}],"about":[{"href":"https:\/\/brasilanda.com\/nl\/wp-json\/wp\/v2\/types\/product"}],"replies":[{"embeddable":true,"href":"https:\/\/brasilanda.com\/nl\/wp-json\/wp\/v2\/comments?post=550"}],"version-history":[{"count":3,"href":"https:\/\/brasilanda.com\/nl\/wp-json\/wp\/v2\/product\/550\/revisions"}],"predecessor-version":[{"id":1521,"href":"https:\/\/brasilanda.com\/nl\/wp-json\/wp\/v2\/product\/550\/revisions\/1521"}],"wp:featuredmedia":[{"embeddable":true,"href":"https:\/\/brasilanda.com\/nl\/wp-json\/wp\/v2\/media\/551"}],"wp:attachment":[{"href":"https:\/\/brasilanda.com\/nl\/wp-json\/wp\/v2\/media?parent=550"}],"wp:term":[{"taxonomy":"product_brand","embeddable":true,"href":"https:\/\/brasilanda.com\/nl\/wp-json\/wp\/v2\/product_brand?post=550"},{"taxonomy":"product_cat","embeddable":true,"href":"https:\/\/brasilanda.com\/nl\/wp-json\/wp\/v2\/product_cat?post=550"},{"taxonomy":"product_tag","embeddable":true,"href":"https:\/\/brasilanda.com\/nl\/wp-json\/wp\/v2\/product_tag?post=550"}],"curies":[{"name":"wp","href":"https:\/\/api.w.org\/{rel}","templated":true}]}}