{"id":905,"date":"2022-08-31T21:55:14","date_gmt":"2022-08-31T19:55:14","guid":{"rendered":"https:\/\/brasilanda.com\/?post_type=product&#038;p=905"},"modified":"2022-11-16T11:10:26","modified_gmt":"2022-11-16T10:10:26","slug":"sabores_de_goiasnl","status":"publish","type":"product","link":"https:\/\/brasilanda.com\/nl\/servicos\/sabores_de_goiasnl\/","title":{"rendered":"Sabores_de_goiasnl"},"content":{"rendered":"<p>We zijn begonnen met smaken van Goi\u00e1snl omdat we het erg leuk vonden om met de keuken te werken, daarvoor maakte ik altijd snacks en cake voor familiefeesten en iedereen vond het heerlijk, dus begonnen we het voor vrienden te maken en toen groeide het. We werken met snacks, snoep, taarten en feestpakketten, zodat de klant alles voor zijn of haar feest op \u00e9\u00e9n plek kan vinden.<\/p>\n<p>We onderscheiden ons door onze inzet, stiptheid en toewijding, we werken met liefde en respect.<\/p>\n<p>bediening in het Portugees en Nederlands.<\/p>","protected":false},"excerpt":{"rendered":"<p>Come\u00e7amos a sabores de Goi\u00e1snl por gostar muito de trabalhar com cozinha, antes sempre fazia os salgadinhos e bolo das festas da fam\u00edlia e todos amavam, e por a\u00ed Come\u00e7amos a fazer pra amigos e depois foi crescendo. Trabalhamos com salgadinhos, doces, bolos e kit festa assim o cliente consegue encontrar tudo em um lugar [&hellip;]<\/p>","protected":false},"featured_media":906,"comment_status":"open","ping_status":"closed","template":"","meta":[],"product_brand":[],"product_cat":[35],"product_tag":[61,52,78,77,79,59,76],"class_list":{"0":"post-905","1":"product","2":"type-product","3":"status-publish","4":"has-post-thumbnail","6":"product_cat-alimentacao-e-bebidas","7":"product_tag-almere","8":"product_tag-amsterdam","9":"product_tag-bolos","10":"product_tag-docinhos","11":"product_tag-entregas","12":"product_tag-nederland","13":"product_tag-salgadinhos","15":"first","16":"instock","17":"shipping-taxable","18":"product-type-simple"},"aioseo_notices":[],"_links":{"self":[{"href":"https:\/\/brasilanda.com\/nl\/wp-json\/wp\/v2\/product\/905","targetHints":{"allow":["GET"]}}],"collection":[{"href":"https:\/\/brasilanda.com\/nl\/wp-json\/wp\/v2\/product"}],"about":[{"href":"https:\/\/brasilanda.com\/nl\/wp-json\/wp\/v2\/types\/product"}],"replies":[{"embeddable":true,"href":"https:\/\/brasilanda.com\/nl\/wp-json\/wp\/v2\/comments?post=905"}],"version-history":[{"count":2,"href":"https:\/\/brasilanda.com\/nl\/wp-json\/wp\/v2\/product\/905\/revisions"}],"predecessor-version":[{"id":1488,"href":"https:\/\/brasilanda.com\/nl\/wp-json\/wp\/v2\/product\/905\/revisions\/1488"}],"wp:featuredmedia":[{"embeddable":true,"href":"https:\/\/brasilanda.com\/nl\/wp-json\/wp\/v2\/media\/906"}],"wp:attachment":[{"href":"https:\/\/brasilanda.com\/nl\/wp-json\/wp\/v2\/media?parent=905"}],"wp:term":[{"taxonomy":"product_brand","embeddable":true,"href":"https:\/\/brasilanda.com\/nl\/wp-json\/wp\/v2\/product_brand?post=905"},{"taxonomy":"product_cat","embeddable":true,"href":"https:\/\/brasilanda.com\/nl\/wp-json\/wp\/v2\/product_cat?post=905"},{"taxonomy":"product_tag","embeddable":true,"href":"https:\/\/brasilanda.com\/nl\/wp-json\/wp\/v2\/product_tag?post=905"}],"curies":[{"name":"wp","href":"https:\/\/api.w.org\/{rel}","templated":true}]}}